{"id":35133,"date":"2021-04-29T17:03:24","date_gmt":"2021-04-29T15:03:24","guid":{"rendered":"https:\/\/www.maildesigner365.com\/creating-html-email-templates-to-use-with-e-goi\/"},"modified":"2021-04-30T10:52:21","modified_gmt":"2021-04-30T08:52:21","slug":"creating-html-email-templates-to-use-with-e-goi","status":"publish","type":"page","link":"https:\/\/www.maildesigner365.com\/de\/creating-html-email-templates-to-use-with-e-goi\/","title":{"rendered":"Custom HTML E-Mail-Templates in E-goi versenden"},"content":{"rendered":"[vc_row type=\"full_width_background\" full_screen_row_position=\"middle\" column_margin=\"default\" column_direction=\"default\" column_direction_tablet=\"default\" column_direction_phone=\"default\" bg_color=\"#ffffff\" scene_position=\"center\" text_color=\"dark\" text_align=\"left\" row_border_radius=\"none\" row_border_radius_applies=\"bg\" overlay_strength=\"0.3\" gradient_direction=\"left_to_right\" enable_shape_divider=\"true\" shape_divider_color=\"#3d4ab4\" shape_divider_position=\"bottom\" bg_image_animation=\"none\" shape_type=\"curve_opacity\"][vc_column column_padding=\"no-extra-padding\" column_padding_tablet=\"inherit\" column_padding_phone=\"inherit\" column_padding_position=\"all\" background_color_opacity=\"1\" background_hover_color_opacity=\"1\" column_shadow=\"none\" column_border_radius=\"none\" column_link_target=\"_self\" gradient_direction=\"left_to_right\" overlay_strength=\"0.3\" width=\"1\/1\" tablet_width_inherit=\"default\" tablet_text_alignment=\"default\" phone_text_alignment=\"default\" column_border_width=\"none\" column_border_style=\"solid\" bg_image_animation=\"none\"][divider line_type=\"No Line\" custom_height=\"30\"][divider line_type=\"No Line\" custom_height=\"30\"][vc_column_text]\n<h2 style=\"font-size: 55px !important;line-height: 65px !important;text-align: center;color: #000000\">Mail Designer 365 und E-goi<\/h2>\n[\/vc_column_text][divider line_type=\"No Line\" custom_height=\"30\"][vc_column_text]\n<p style=\"font-size: 30px !important;line-height: 40px !important;text-align: center;color: #000000\">Erstelle benutzerdefinierte HTML E-Mail-Newsletter f\u00fcr die E-goi Marketing-Plattform.<\/p>\n[\/vc_column_text][vc_column_text]<img loading=\"lazy\" decoding=\"async\" class=\"aligncenter wp-image-35118\" src=\"https:\/\/data.equinux.com\/com.equinux.wordpress\/uploads\/sites\/4\/2021\/04\/md365e-goi-1024x477.png\" alt=\"mail designer 365 and e-goi\" width=\"512\" height=\"238\" srcset=\"https:\/\/data.equinux.com\/com.equinux.wordpress\/uploads\/sites\/4\/2021\/04\/md365e-goi-1024x477.png 1024w, https:\/\/data.equinux.com\/com.equinux.wordpress\/uploads\/sites\/4\/2021\/04\/md365e-goi-300x140.png 300w, https:\/\/data.equinux.com\/com.equinux.wordpress\/uploads\/sites\/4\/2021\/04\/md365e-goi-768x357.png 768w, https:\/\/data.equinux.com\/com.equinux.wordpress\/uploads\/sites\/4\/2021\/04\/md365e-goi.png 1373w\" sizes=\"auto, (max-width: 512px) 100vw, 512px\" \/>[\/vc_column_text][vc_column_text]Mail Designer 365 ist das\u00a0<strong>beste<\/strong> <strong>HTML E-Mail-Bearbeitungstool f\u00fcr E-goi<\/strong>. Erstelle ein beeindruckendes HTML E-Mail-Design per Drag &amp; Drop und exportiere es zu E-goi \u2013 mit nur ein paar Klicks. Nutze dein Mail Designer 365 Template f\u00fcr automatisierte E-Mail-Kampagnen, werbliche Mails, Aktionen und noch vieles mehr.[\/vc_column_text][divider line_type=\"No Line\" custom_height=\"25\"][vc_column_text]\n<p style=\"text-align: center\"><a class=\"md_button_blue md_button_big\" href=\"https:\/\/www.maildesigner365.com\/goto\/MT10490\">Kostenlose Demo starten<\/a><\/p>\n[\/vc_column_text][divider line_type=\"No Line\" custom_height=\"65\"][\/vc_column][\/vc_row][vc_row type=\"in_container\" full_screen_row_position=\"middle\" column_margin=\"default\" column_direction=\"default\" column_direction_tablet=\"default\" column_direction_phone=\"default\" scene_position=\"center\" text_color=\"dark\" text_align=\"left\" row_border_radius=\"none\" row_border_radius_applies=\"bg\" overlay_strength=\"0.3\" gradient_direction=\"left_to_right\" enable_shape_divider=\"true\" shape_divider_color=\"#3d4ab4\" shape_divider_position=\"bottom\" bg_image_animation=\"none\" shape_type=\"curve_opacity\"][vc_column column_padding=\"no-extra-padding\" column_padding_tablet=\"inherit\" column_padding_phone=\"inherit\" column_padding_position=\"all\" background_color_opacity=\"1\" background_hover_color_opacity=\"1\" column_shadow=\"none\" column_border_radius=\"none\" column_link_target=\"_self\" gradient_direction=\"left_to_right\" overlay_strength=\"0.3\" width=\"1\/1\" tablet_width_inherit=\"default\" tablet_text_alignment=\"default\" phone_text_alignment=\"default\" column_border_width=\"none\" column_border_style=\"solid\" bg_image_animation=\"none\"][divider line_type=\"No Line\" custom_height=\"60\"][vc_column_text]\n<p style=\"text-align: center\"><strong>SO GEHT'S<\/strong><\/p>\n[\/vc_column_text][divider line_type=\"No Line\" custom_height=\"30\"][vc_column_text]\n<h2 style=\"font-size: 40px !important;line-height: 50px !important;text-align: center\">Exportiere deine HTML E-Mail zu E-goi<\/h2>\n[\/vc_column_text][divider line_type=\"No Line\" custom_height=\"30\"][vc_column_text]\n<ol style=\"color: #000000\">\n<li>Baue dein HTML E-Mail-Design in Mail Designer 365 auf und klicke auf \u201eBereitstellen\u201d &gt; \u201cWebsite \/ HTML\u2026\u201c<\/li>\n<li>Gib den URL Pfad f\u00fcr den Online-Server ein, auf welchen du deine Bilder hochladen wirst. Das ist wichtig, damit deine Bilder sp\u00e4ter richtig in deinem Design angezeigt werden.\u00a0(<a href=\"https:\/\/www.maildesigner365.com\/mail-designer-365-handbuch\/bilder-fur-html-e-mails-hosten\/\">Mehr erfahren<\/a>.)<\/li>\n<li>Exportiere dein Design. So bekommst du einen Ordner mit den einzelnen Design-Elementen deines Newsletters.<\/li>\n<li>Erstelle eine .zip Datei des Ordners, indem du einen Rechtsklick darauf machst und auf \u201eKomprimieren\u201c klickst.<\/li>\n<li>Lade die Bilder in den Ordner auf den Server hoch, den du beim Export angegeben hast.<\/li>\n<li style=\"text-align: left\">Logge dich in deinen E-goi-Account ein, klicke auf \"Create email\" und w\u00e4hle \"Import\" &gt; \"ZIP file\".<\/li>\n<li>Lade die Mail Designer 365 .zip Datei hoch<\/li>\n<li>Gib einen Betreff ein und klicke auf \"Next\", um die Einstellungen f\u00fcr deine Kampagne auszuf\u00fcllen.<\/li>\n<li>Jetzt kannst du oben rechts auf das Men\u00fc \"Testing\" klicken, um eine Vorschau deines Templates zu sehen oder eine Testmail zu versenden.<\/li>\n<li>Jetzt kannst du dein Mail Designer 365 HTML E-Mail-Design mit den Automation-Tools von E-goi versenden.<\/li>\n<\/ol>\n<p><strong>Wichtig:<\/strong> Beachte bitte, dass \u00c4nderungen zu deinem Mail Designer 365 E-Mail-Template, die in dem E-goi Editor vorgenommen werden, eventuell zu Kompatibilit\u00e4tsproblemen f\u00fchren k\u00f6nnten. Jegliche Anpassungen sollen immer in der Mail Designer 365 App durchgef\u00fchrt. Danach k\u00f6nnen Designs neu zu E-goi exportiert werden.[\/vc_column_text][vc_row_inner column_margin=\"default\" column_direction=\"default\" column_direction_tablet=\"default\" column_direction_phone=\"default\" text_align=\"left\"][vc_column_inner column_padding=\"no-extra-padding\" column_padding_tablet=\"inherit\" column_padding_phone=\"inherit\" column_padding_position=\"all\" background_color_opacity=\"1\" background_hover_color_opacity=\"1\" column_shadow=\"none\" column_border_radius=\"none\" column_link_target=\"_self\" gradient_direction=\"left_to_right\" overlay_strength=\"0.3\" width=\"1\/1\" tablet_width_inherit=\"default\" column_border_width=\"none\" column_border_style=\"solid\" bg_image_animation=\"none\"][vc_column_text]\n<div id=\"attachment_35120\" style=\"width: 1034px\" class=\"wp-caption aligncenter\"><img loading=\"lazy\" decoding=\"async\" aria-describedby=\"caption-attachment-35120\" class=\"wp-image-35120 size-large\" src=\"https:\/\/data.equinux.com\/com.equinux.wordpress\/uploads\/sites\/4\/2021\/04\/e-goi-1024x649.png\" alt=\"using your mail designer 365 template in e-goi\" width=\"1024\" height=\"649\" srcset=\"https:\/\/data.equinux.com\/com.equinux.wordpress\/uploads\/sites\/4\/2021\/04\/e-goi-1024x649.png 1024w, https:\/\/data.equinux.com\/com.equinux.wordpress\/uploads\/sites\/4\/2021\/04\/e-goi-300x190.png 300w, https:\/\/data.equinux.com\/com.equinux.wordpress\/uploads\/sites\/4\/2021\/04\/e-goi-768x486.png 768w, https:\/\/data.equinux.com\/com.equinux.wordpress\/uploads\/sites\/4\/2021\/04\/e-goi-1536x973.png 1536w, https:\/\/data.equinux.com\/com.equinux.wordpress\/uploads\/sites\/4\/2021\/04\/e-goi-2048x1297.png 2048w\" sizes=\"auto, (max-width: 1024px) 100vw, 1024px\" \/><p id=\"caption-attachment-35120\" class=\"wp-caption-text\">Erstelle benutzerdefinierte HTML E-Mail-Templates in Mail Designer 365 und versende sie \u00fcber die E-goi Marketing-Plattform<\/p><\/div>\n[\/vc_column_text][\/vc_column_inner][\/vc_row_inner][divider line_type=\"No Line\" custom_height=\"60\"][\/vc_column][\/vc_row][vc_row type=\"in_container\" full_screen_row_position=\"middle\" column_margin=\"default\" column_direction=\"default\" column_direction_tablet=\"default\" column_direction_phone=\"default\" scene_position=\"center\" text_color=\"dark\" text_align=\"left\" row_border_radius=\"none\" row_border_radius_applies=\"bg\" overlay_strength=\"0.3\" gradient_direction=\"left_to_right\" shape_divider_position=\"bottom\" bg_image_animation=\"none\" shape_type=\"\"][vc_column column_padding=\"no-extra-padding\" column_padding_tablet=\"inherit\" column_padding_phone=\"inherit\" column_padding_position=\"all\" background_color_opacity=\"1\" background_hover_color_opacity=\"1\" column_shadow=\"none\" column_border_radius=\"none\" column_link_target=\"_self\" gradient_direction=\"left_to_right\" overlay_strength=\"0.3\" width=\"1\/1\" tablet_width_inherit=\"default\" tablet_text_alignment=\"default\" phone_text_alignment=\"default\" column_border_width=\"none\" column_border_style=\"solid\" bg_image_animation=\"none\"][divider line_type=\"No Line\" custom_height=\"50\"][vc_column_text]\n<h2 style=\"font-size: 40px !important;line-height: 50px !important;text-align: center\">Support<\/h2>\n[\/vc_column_text][divider line_type=\"No Line\" custom_height=\"20\"][vc_column_text]Du brauchst Hilfe? Wir stehen dir gerne zur Verf\u00fcgung! Bei spezifischen Fragen bez\u00fcglich des HTML-Exports zu E-goi, sowie bei allgemeinen Anfragen, kannst du unser Support-Team jederzeit <a href=\"http:\/\/equinux.com\/goto\/sendtomaildesigner\/contact\/de\" target=\"_blank\" rel=\"noopener\">per E-Mail<\/a> kontaktieren.<\/p>\n<p>Mail Designer 365 funktioniert mit allen f\u00fchrenden E-Mail-Marketing-Diensten. Weitere Anleitungen findest du auf unserer Integration-Seite.<\/p>\n<p style=\"text-align: center\"><a class=\"md_button_blue_transparent md_button_big\" href=\"https:\/\/www.maildesigner365.com\/export\/de\/?utm_source=export+guides&amp;utm_medium=referral&amp;utm_campaign=e-goi\">Alle Guides ansehen<\/a><\/p>\n[\/vc_column_text][divider line_type=\"No Line\" custom_height=\"50\"][\/vc_column][\/vc_row][vc_row type=\"in_container\" full_screen_row_position=\"middle\" column_margin=\"default\" column_direction=\"default\" column_direction_tablet=\"default\" column_direction_phone=\"default\" bg_color=\"#3d4ab4\" scene_position=\"center\" text_color=\"dark\" text_align=\"left\" row_border_radius=\"none\" row_border_radius_applies=\"bg\" enable_gradient=\"true\" color_overlay=\"#ffffff\" color_overlay_2=\"#3d4ab4\" overlay_strength=\"0.5\" gradient_direction=\"left_t_to_right_b\" enable_shape_divider=\"true\" shape_divider_position=\"both\" shape_divider_bring_to_front=\"true\" bg_image_animation=\"none\" shape_type=\"mountains\"][vc_column column_padding=\"no-extra-padding\" column_padding_tablet=\"inherit\" column_padding_phone=\"inherit\" column_padding_position=\"all\" background_color_opacity=\"1\" background_hover_color_opacity=\"1\" column_shadow=\"none\" column_border_radius=\"none\" column_link_target=\"_self\" gradient_direction=\"left_to_right\" overlay_strength=\"0.3\" width=\"1\/1\" tablet_width_inherit=\"default\" tablet_text_alignment=\"default\" phone_text_alignment=\"default\" column_border_width=\"none\" column_border_style=\"solid\" bg_image_animation=\"none\"][vc_row_inner column_margin=\"default\" column_direction=\"default\" column_direction_tablet=\"default\" column_direction_phone=\"default\" text_align=\"left\"][vc_column_inner column_padding=\"no-extra-padding\" column_padding_tablet=\"inherit\" column_padding_phone=\"inherit\" column_padding_position=\"all\" background_color_opacity=\"1\" background_hover_color_opacity=\"1\" column_shadow=\"none\" column_border_radius=\"none\" column_link_target=\"_self\" gradient_direction=\"left_to_right\" overlay_strength=\"0.3\" width=\"1\/1\" tablet_width_inherit=\"default\" column_border_width=\"none\" column_border_style=\"solid\" bg_image_animation=\"none\"][divider line_type=\"No Line\" custom_height=\"60\"][\/vc_column_inner][\/vc_row_inner][vc_column_text]\n<h1 style=\"text-align: center\"><strong><span style=\"font-size: 35px !important;line-height: 50px !important;color: #ffffff\">Du kennst Mail Designer 365 noch nicht?<\/span><\/strong><\/h1>\n[\/vc_column_text][divider line_type=\"No Line\" custom_height=\"20\"][vc_column_text]\n<div style=\"color: #ffffff;text-align: center\">Mail Designer 365 hilft dir, zusammen mit deinem Team stylische, professionelle HTML E-Mail-Newsletter zu gestalten.<br \/>\n<strong>Starte deine kostenlose Demo und werde zum Designer!<\/strong><\/div>\n[\/vc_column_text][divider line_type=\"No Line\" custom_height=\"20\"][vc_column_text]\n<p style=\"text-align: center\"><a class=\"md_button_white md_button_big\" href=\"https:\/\/www.maildesigner365.com\/goto\/MT10490\">Kostenlose Demo starten<\/a><\/p>\n[\/vc_column_text][divider line_type=\"No Line\" custom_height=\"10\"][vc_column_text]\n<div style=\"color: #ffffff;text-align: center;font-size: 20px\"><strong>Keine Kreditkarte erforderlich<\/strong><\/div>\n[\/vc_column_text][divider line_type=\"No Line\" custom_height=\"20\"][vc_column_text]\n<div style=\"clear: both;color: #ffffff;text-align: center\">Kompatibel ab Mac OS X 10.11<\/div>\n[\/vc_column_text][divider line_type=\"No Line\" custom_height=\"30\"][divider line_type=\"No Line\" custom_height=\"30\"][divider line_type=\"No Line\" custom_height=\"30\"][\/vc_column][\/vc_row]\n","protected":false},"excerpt":{"rendered":"<p>[vc_row type=&#8221;full_width_background&#8221; full_screen_row_position=&#8221;middle&#8221; column_margin=&#8221;default&#8221; column_direction=&#8221;default&#8221; column_direction_tablet=&#8221;default&#8221; column_direction_phone=&#8221;default&#8221; bg_color=&#8221;#ffffff&#8221; scene_position=&#8221;center&#8221; text_color=&#8221;dark&#8221; text_align=&#8221;left&#8221; row_border_radius=&#8221;none&#8221; row_border_radius_applies=&#8221;bg&#8221; overlay_strength=&#8221;0.3&#8243; gradient_direction=&#8221;left_to_right&#8221; enable_shape_divider=&#8221;true&#8221; shape_divider_color=&#8221;#3d4ab4&#8243; shape_divider_position=&#8221;bottom&#8221; bg_image_animation=&#8221;none&#8221; shape_type=&#8221;curve_opacity&#8221;][vc_column column_padding=&#8221;no-extra-padding&#8221; column_padding_tablet=&#8221;inherit&#8221; column_padding_phone=&#8221;inherit&#8221; column_padding_position=&#8221;all&#8221; background_color_opacity=&#8221;1&#8243; background_hover_color_opacity=&#8221;1&#8243; column_shadow=&#8221;none&#8221; column_border_radius=&#8221;none&#8221; column_link_target=&#8221;_self&#8221; gradient_direction=&#8221;left_to_right&#8221;&#8230;<\/p>\n","protected":false},"author":7,"featured_media":0,"parent":0,"menu_order":0,"comment_status":"closed","ping_status":"closed","template":"","meta":{"footnotes":""},"class_list":["post-35133","page","type-page","status-publish"],"_links":{"self":[{"href":"https:\/\/www.maildesigner365.com\/de\/wp-json\/wp\/v2\/pages\/35133","targetHints":{"allow":["GET"]}}],"collection":[{"href":"https:\/\/www.maildesigner365.com\/de\/wp-json\/wp\/v2\/pages"}],"about":[{"href":"https:\/\/www.maildesigner365.com\/de\/wp-json\/wp\/v2\/types\/page"}],"author":[{"embeddable":true,"href":"https:\/\/www.maildesigner365.com\/de\/wp-json\/wp\/v2\/users\/7"}],"replies":[{"embeddable":true,"href":"https:\/\/www.maildesigner365.com\/de\/wp-json\/wp\/v2\/comments?post=35133"}],"version-history":[{"count":0,"href":"https:\/\/www.maildesigner365.com\/de\/wp-json\/wp\/v2\/pages\/35133\/revisions"}],"wp:attachment":[{"href":"https:\/\/www.maildesigner365.com\/de\/wp-json\/wp\/v2\/media?parent=35133"}],"curies":[{"name":"wp","href":"https:\/\/api.w.org\/{rel}","templated":true}]}}