{"id":18121,"date":"2018-03-22T18:44:44","date_gmt":"2018-03-22T16:44:44","guid":{"rendered":"https:\/\/www.maildesigner365.com\/?page_id=18121"},"modified":"2018-03-23T17:13:35","modified_gmt":"2018-03-23T15:13:35","slug":"teams-version-1-2","status":"publish","type":"page","link":"https:\/\/www.maildesigner365.com\/de\/teams-version-1-2\/","title":{"rendered":"TEAMS VERSION 1.2"},"content":{"rendered":"[vc_row type=\"full_width_background\" full_screen_row_position=\"middle\" bg_image=\"16758\" bg_position=\"center top\" bg_repeat=\"no-repeat\" bg_color=\"#ffffff\" scene_position=\"center\" text_color=\"dark\" text_align=\"left\" overlay_strength=\"0.3\"][vc_column column_padding=\"no-extra-padding\" column_padding_position=\"all\" background_color_opacity=\"1\" background_hover_color_opacity=\"1\" column_shadow=\"none\" width=\"1\/1\" tablet_text_alignment=\"default\" phone_text_alignment=\"default\" column_border_width=\"none\" column_border_style=\"solid\"][divider line_type=\"No Line\" custom_height=\"550\"][\/vc_column][\/vc_row][vc_row type=\"in_container\" full_screen_row_position=\"middle\" scene_position=\"center\" text_color=\"dark\" text_align=\"left\" overlay_strength=\"0.3\"][vc_column column_padding=\"no-extra-padding\" column_padding_position=\"all\" background_color_opacity=\"1\" background_hover_color_opacity=\"1\" column_shadow=\"none\" width=\"1\/1\" tablet_text_alignment=\"default\" phone_text_alignment=\"default\" column_border_width=\"none\" column_border_style=\"solid\"][divider line_type=\"No Line\" custom_height=\"90\"][vc_column_text]<img decoding=\"async\" class=\"aligncenter\" style=\"max-height: 65px;\" src=\"https:\/\/data.equinux.com\/com.equinux.wordpress\/uploads\/sites\/4\/2017\/09\/Mail-Designer-Service-Signet-line-blue.png\" alt=\"\" \/>[\/vc_column_text][divider line_type=\"No Line\" custom_height=\"15\"][vc_column_text]\n<h2 style=\"text-align: center;\"><span style=\"font-size: 40px !important; line-height: 55px !important; color: #000000;\">NEU Mail Designer 365 f\u00fcr Teams<\/span><\/h2>\n[\/vc_column_text][divider line_type=\"No Line\" custom_height=\"40\"][vc_column_text]\n<p style=\"text-align: center;\"><span style=\"font-size: 20px !important; line-height: 55px !important; color: #000000;\">Team-Workflows ganz einfach verwalten<\/span><\/p>\n[\/vc_column_text][divider line_type=\"No Line\" custom_height=\"40\"][vc_row_inner column_margin=\"default\" text_align=\"left\"][vc_column_inner column_padding=\"no-extra-padding\" column_padding_position=\"all\" background_color_opacity=\"1\" width=\"1\/1\" column_border_width=\"none\" column_border_style=\"solid\"][vc_column_text]<span style=\"font-weight: 400;\">Jetzt noch besser im Team arbeiten: Das brandneue <strong>Team-Feature<\/strong> in Mail Designer 365 vereinfacht den Newsletter-Workflow und macht ihn produktiver und effizienter als jemals zuvor. Erstelle ganz einfach Teams, kaufe Business- oder Premium Business-Pl\u00e4ne und weise sie deinen Kollegen zu.\u00a0Au\u00dferdem kannst du direkt in deiner Vorlage Todos und Kommentare zu bestimmten Designelementen hinzuf\u00fcgen und\u00a0das Design an deine Teammitglieder ausleihen, um ihr Feedback zu bekommen.\u00a0Das nennen wir einen perfekten Feedback-Loop!<\/span>[\/vc_column_text][divider line_type=\"No Line\" custom_height=\"35\"][vc_column_text]\n<h2 style=\"text-align: center;\"><\/h2>\n<div style=\"width: 400px; margin: auto; margin-top: 5px;\" align=\"center\">\n<div style=\"float: center; width: 180px; margin-right: 10px;\"><a href=\"https:\/\/my.maildesigner365.com\/teams\" rel=\"noopener noreferrer\"><img loading=\"lazy\" decoding=\"async\" class=\"alignnone\" style=\"max-height: 130px;\" src=\"https:\/\/data.equinux.com\/com.equinux.wordpress\/uploads\/sites\/4\/2018\/02\/CTA_Team-blau_de.png\" alt=\"Team erstellen\" width=\"466\" height=\"159\" \/><\/a><\/div>\n<\/div>\n[\/vc_column_text][\/vc_column_inner][\/vc_row_inner][divider line_type=\"No Line\" custom_height=\"60\"][\/vc_column][\/vc_row][vc_row type=\"full_width_background\" full_screen_row_position=\"middle\" bg_color=\"#3d4dbb\" scene_position=\"center\" text_color=\"dark\" text_align=\"left\" overlay_strength=\"0.3\"][vc_column column_padding=\"no-extra-padding\" column_padding_position=\"all\" background_color_opacity=\"1\" background_hover_color_opacity=\"1\" column_shadow=\"none\" width=\"1\/1\" tablet_text_alignment=\"default\" phone_text_alignment=\"default\" column_border_width=\"none\" column_border_style=\"solid\"][vc_raw_html]JTNDYSUyMG5hbWUlM0QlMjJCZW5lZml0cyUyMG9mJTIwdGhlJTIwVGVhbXMlMjBGZWF0dXJlJTIyJTNFJTNDJTJGYSUzRQ==[\/vc_raw_html][divider line_type=\"No Line\" custom_height=\"60\"][vc_column_text]\n<p style=\"text-align: center;\"><span style=\"font-size: 20px !important; color: #ffffff;\">MEHR ERFAHREN<\/span><\/p>\n[\/vc_column_text][divider line_type=\"No Line\" custom_height=\"15\"][vc_column_text]\n<h2 style=\"text-align: center;\"><span style=\"font-size: 40px !important; line-height: 55px !important; color: #ffffff;\">Vorteile des Team-Features<\/span><\/h2>\n[\/vc_column_text][divider line_type=\"No Line\" custom_height=\"25\"][vc_column_text][\/vc_column_text][divider line_type=\"No Line\" custom_height=\"45\"][vc_row_inner column_margin=\"default\" text_align=\"left\"][vc_column_inner enable_animation=\"true\" animation=\"fade-in-from-left\" column_padding=\"no-extra-padding\" column_padding_position=\"all\" background_color_opacity=\"1\" width=\"1\/2\" column_border_width=\"none\" column_border_style=\"solid\" delay=\"900\"][vc_column_text]<img loading=\"lazy\" decoding=\"async\" class=\"alignnone size-medium wp-image-16754\" src=\"https:\/\/data.equinux.com\/com.equinux.wordpress\/uploads\/sites\/4\/2018\/02\/MYMD365.png\" width=\"1100\" height=\"507\" \/>[\/vc_column_text][divider line_type=\"No Line\" custom_height=\"15\"][vc_column_text]\n<h1 style=\"font-size: 28px !important; color: #ffffff;\">Klare, benutzerfreundliche \u00dcbersicht<\/h1>\n<div style=\"color: #ffffff;\">Mail Designer 365 Business Pl\u00e4ne k\u00f6nnen jetzt schnell und unkompliziert auf einer einzigen Seite gekauft, verwaltet und einzelnen Teammitgliedern zugewiesen werden.<\/div>\n<p><span style=\"color: #fcc02d;\"><b>NEU \u203a<\/b><\/span><span style=\"color: #ffffff;\"> Teams Tab im my.maildesigner365 Portal<\/span><br \/>\n<span style=\"color: #fcc02d;\"><b>NEU \u203a<\/b><\/span><span style=\"color: #ffffff;\"> Mehrere Pl\u00e4ne kaufen und zuweisen<\/span>[\/vc_column_text][divider line_type=\"No Line\" custom_height=\"50\"][\/vc_column_inner][vc_column_inner enable_animation=\"true\" animation=\"fade-in-from-right\" column_padding=\"no-extra-padding\" column_padding_position=\"all\" background_color_opacity=\"1\" width=\"1\/2\" column_border_width=\"none\" column_border_style=\"solid\" delay=\"900\"][vc_column_text]<img loading=\"lazy\" decoding=\"async\" class=\"alignnone size-medium wp-image-16751\" src=\"https:\/\/data.equinux.com\/com.equinux.wordpress\/uploads\/sites\/4\/2018\/02\/roles-.png\" width=\"1100\" height=\"507\" \/>[\/vc_column_text][divider line_type=\"No Line\" custom_height=\"15\"][vc_column_text]\n<h1 style=\"font-size: 28px !important; color: #ffffff;\">Pl\u00e4ne f\u00fcr jeden \u2013 eine Rechnung f\u00fcr alle<\/h1>\n<div style=\"color: #ffffff;\">Pl\u00e4ne k\u00f6nnen Admins, Designern und anderen Mitarbeitern zugeordnet werden. Das Beste: Es kommt nur eine einzige Rechnung f\u00fcr's ganze Team.<\/div>\n<p><span style=\"color: #fcc02d;\"><b>NEU \u203a<\/b><\/span><span style=\"color: #ffffff;\"> Permissions und Pl\u00e4ne f\u00fcr jedes Level <\/span><br \/>\n<span style=\"color: #fcc02d;\"><b>NEU \u203a<\/b><\/span><span style=\"color: #ffffff;\">\u00a0Gemeinsame Rechnungsstellung f\u00fcr einfacheres Accounting<\/span>[\/vc_column_text][divider line_type=\"No Line\" custom_height=\"50\"][\/vc_column_inner][\/vc_row_inner][vc_row_inner column_margin=\"default\" text_align=\"left\"][vc_column_inner enable_animation=\"true\" animation=\"fade-in-from-left\" column_padding=\"no-extra-padding\" column_padding_position=\"all\" background_color_opacity=\"1\" width=\"1\/2\" column_border_width=\"none\" column_border_style=\"solid\" delay=\"1800\"][divider line_type=\"No Line\" custom_height=\"15\"][vc_column_text]<img loading=\"lazy\" decoding=\"async\" class=\"alignnone size-medium wp-image-4395\" src=\"https:\/\/data.equinux.com\/com.equinux.wordpress\/uploads\/sites\/4\/2018\/03\/team_01.jpg\" width=\"1100\" height=\"507\" \/>[\/vc_column_text][\/vc_column_inner][vc_column_inner enable_animation=\"true\" animation=\"fade-in-from-right\" column_padding=\"no-extra-padding\" column_padding_position=\"all\" background_color_opacity=\"1\" width=\"1\/2\" column_border_width=\"none\" column_border_style=\"solid\" delay=\"1800\"][divider line_type=\"No Line\" custom_height=\"15\"][vc_column_text]\n<h1 style=\"font-size: 28px !important; color: #ffffff;\">Tools f\u00fcr einen besseren Workflow<\/h1>\n<div style=\"color: #ffffff;\">Mit dem Teamwork-Feature kannst du Feedback und Kommentare zu bestimmten Designelementen schreiben, deinen Teammitgliedern Todos zuweisen und die Vorlage an deine Kollegen ausleihen, um Feedback zu bekommen. Teamwork leicht gemacht \u2013 mit Mail Designer 365!<\/div>\n<p><span style=\"color: #fcc02d;\"><b>NEU \u203a<\/b><\/span><span style=\"color: #ffffff;\"> Markiere deine Teammitglieder in Kommentaren<\/span><br \/>\n<span style=\"color: #fcc02d;\"><b>NEU \u203a<\/b><\/span><span style=\"color: #ffffff;\"> Weise Todos zu, die noch erledigt werden m\u00fcssen<\/span>[\/vc_column_text][divider line_type=\"No Line\" custom_height=\"50\"][\/vc_column_inner][\/vc_row_inner][divider line_type=\"No Line\" custom_height=\"40\"][vc_column_text]<img loading=\"lazy\" decoding=\"async\" class=\"alignnone size-full wp-image-1946\" src=\"https:\/\/data.equinux.com\/com.equinux.wordpress\/uploads\/sites\/4\/2018\/03\/mention-website.gif\" width=\"1100\" height=\"220\" \/>[\/vc_column_text][divider line_type=\"No Line\" custom_height=\"65\"][\/vc_column][\/vc_row][vc_row type=\"full_width_background\" full_screen_row_position=\"middle\" scene_position=\"center\" text_color=\"dark\" text_align=\"left\" overlay_strength=\"0.3\"][vc_column column_padding=\"no-extra-padding\" column_padding_position=\"all\" background_color_opacity=\"1\" background_hover_color_opacity=\"1\" column_shadow=\"none\" width=\"1\/1\" tablet_text_alignment=\"default\" phone_text_alignment=\"default\" column_border_width=\"none\" column_border_style=\"solid\"][vc_raw_html]JTNDYSUyMG5hbWUlM0QlMjJob3d0b3NldHVwdGVhbXMlMjIlM0UlM0MlMkZhJTNF[\/vc_raw_html][divider line_type=\"No Line\" custom_height=\"60\"][vc_column_text]\n<p style=\"text-align: center;\"><span style=\"font-size: 25px !important; color: #000000;\">Du willst Teams f\u00fcr dein Unternehmen erstellen? So geht's:<\/span><\/p>\n[\/vc_column_text][divider line_type=\"No Line\" custom_height=\"15\"][vc_column_text]\n<h2 style=\"text-align: center;\"><span style=\"font-size: 50px !important; line-height: 55px !important;\">Mit Teams loslegen<br \/>\n<\/span><\/h2>\n[\/vc_column_text][divider line_type=\"No Line\" custom_height=\"40\"][vc_column_text]<img loading=\"lazy\" decoding=\"async\" class=\"alignnone size-medium wp-image-4395\" src=\"https:\/\/data.equinux.com\/com.equinux.wordpress\/uploads\/sites\/4\/2018\/02\/mymd365.jpg\" width=\"1100\" height=\"507\" \/><\/p>\n[\/vc_column_text][divider line_type=\"No Line\" custom_height=\"40\"][vc_column_text]\n<div style=\"font-size: 25px !important; line-height: 55px !important; color: #000000;\">\n<ol>\n<li>Gehe auf <a href=\"https:\/\/my.maildesigner365.com\/teams\">my.maildesigner365.com\/teams<\/a><\/li>\n<li>Erstelle ein neues Team unter dem Tab \"Teams\"<\/li>\n<li>F\u00fcge deine Rechnungsinformationen ein<\/li>\n<\/ol>\n<\/div>\n[\/vc_column_text][vc_column_text]\n<div style=\"font-size: 25px !important; line-height: 55px !important;\">\n<p><span style=\"font-weight: 400;\">Fertig! Jetzt kannst du Mitglieder einladen und ihnen Mail Designer Pl\u00e4ne zuordnen.<\/span><br \/>\n<a href=\"https:\/\/www.maildesigner365.com\/support\/?faq=1630&amp;pid=196&amp;site=maildesigner365.com&amp;tab=faq\">Mehr erfahren<\/a><\/p>\n<\/div>\n[\/vc_column_text][divider line_type=\"No Line\" custom_height=\"50\"][\/vc_column][\/vc_row][vc_row type=\"full_width_background\" full_screen_row_position=\"middle\" bg_color=\"#3d4ab4\" scene_position=\"center\" text_color=\"dark\" text_align=\"left\" overlay_strength=\"0.3\"][vc_column column_padding=\"no-extra-padding\" column_padding_position=\"all\" background_color_opacity=\"1\" background_hover_color_opacity=\"1\" column_shadow=\"none\" width=\"1\/1\" tablet_text_alignment=\"default\" phone_text_alignment=\"default\" column_border_width=\"none\" column_border_style=\"solid\"][divider line_type=\"No Line\" custom_height=\"60\"][vc_column_text]\n<h2 style=\"text-align: center;\"><span style=\"font-size: 40px !important; line-height: 55px !important; color: #ffffff;\">Leg' los!<\/span><\/h2>\n[\/vc_column_text][vc_column_text]<img decoding=\"async\" class=\"aligncenter\" style=\"max-height: 120px;\" src=\"https:\/\/data.equinux.com\/com.equinux.wordpress\/uploads\/sites\/4\/2017\/09\/app-icon-512@2x.png\" \/>[\/vc_column_text][divider line_type=\"No Line\" custom_height=\"10\"][vc_column_text]\n<h2 style=\"text-align: center;\"><\/h2>\n<div style=\"width: 380px; margin: auto; margin-top: 5px;\" align=\"center\">\n<div style=\"float: center; width: 180px; margin-right: 10px;\"><a href=\"https:\/\/my.maildesigner365.com\/teams\" rel=\"noopener noreferrer\"><img loading=\"lazy\" decoding=\"async\" class=\"alignnone\" style=\"max-height: 130px;\" src=\"https:\/\/data.equinux.com\/com.equinux.wordpress\/uploads\/sites\/4\/2018\/02\/CTA_Team_de.png\" alt=\"Team erstellen\" width=\"466\" height=\"159\" \/><\/a><\/div>\n<\/div>\n[\/vc_column_text][divider line_type=\"No Line\" custom_height=\"60\"][\/vc_column][\/vc_row]\n","protected":false},"excerpt":{"rendered":"<p>[vc_row type=&#8221;full_width_background&#8221; full_screen_row_position=&#8221;middle&#8221; bg_image=&#8221;16758&#8243; bg_position=&#8221;center top&#8221; bg_repeat=&#8221;no-repeat&#8221; bg_color=&#8221;#ffffff&#8221; scene_position=&#8221;center&#8221; text_color=&#8221;dark&#8221; text_align=&#8221;left&#8221; overlay_strength=&#8221;0.3&#8243;][vc_column column_padding=&#8221;no-extra-padding&#8221; column_padding_position=&#8221;all&#8221; background_color_opacity=&#8221;1&#8243; background_hover_color_opacity=&#8221;1&#8243; column_shadow=&#8221;none&#8221; width=&#8221;1\/1&#8243; tablet_text_alignment=&#8221;default&#8221; phone_text_alignment=&#8221;default&#8221; column_border_width=&#8221;none&#8221; column_border_style=&#8221;solid&#8221;][divider line_type=&#8221;No Line&#8221; custom_height=&#8221;550&#8243;][\/vc_column][\/vc_row][vc_row type=&#8221;in_container&#8221; full_screen_row_position=&#8221;middle&#8221; scene_position=&#8221;center&#8221; text_color=&#8221;dark&#8221; text_align=&#8221;left&#8221;&#8230;<\/p>\n","protected":false},"author":5,"featured_media":0,"parent":0,"menu_order":0,"comment_status":"closed","ping_status":"closed","template":"","meta":{"footnotes":""},"class_list":["post-18121","page","type-page","status-publish"],"_links":{"self":[{"href":"https:\/\/www.maildesigner365.com\/de\/wp-json\/wp\/v2\/pages\/18121","targetHints":{"allow":["GET"]}}],"collection":[{"href":"https:\/\/www.maildesigner365.com\/de\/wp-json\/wp\/v2\/pages"}],"about":[{"href":"https:\/\/www.maildesigner365.com\/de\/wp-json\/wp\/v2\/types\/page"}],"author":[{"embeddable":true,"href":"https:\/\/www.maildesigner365.com\/de\/wp-json\/wp\/v2\/users\/5"}],"replies":[{"embeddable":true,"href":"https:\/\/www.maildesigner365.com\/de\/wp-json\/wp\/v2\/comments?post=18121"}],"version-history":[{"count":0,"href":"https:\/\/www.maildesigner365.com\/de\/wp-json\/wp\/v2\/pages\/18121\/revisions"}],"wp:attachment":[{"href":"https:\/\/www.maildesigner365.com\/de\/wp-json\/wp\/v2\/media?parent=18121"}],"curies":[{"name":"wp","href":"https:\/\/api.w.org\/{rel}","templated":true}]}}